{"id":5865,"date":"2022-06-21T09:15:04","date_gmt":"2022-06-21T09:15:04","guid":{"rendered":"https:\/\/appefilhos.pt\/?page_id=5865"},"modified":"2022-12-15T14:06:29","modified_gmt":"2022-12-15T14:06:29","slug":"showroom","status":"publish","type":"page","link":"https:\/\/appefilhos.pt\/showroom\/","title":{"rendered":"Showroom"},"content":{"rendered":"<p>[vc_row][vc_column]<div class=\"qodef-elements-holder   qodef-one-column  qodef-responsive-mode-768   \" ><div class=\"qodef-eh-item     \"  data-item-class=\"qodef-eh-custom-8659\" data-1024-1366=\"100px 180px\" data-768-1024=\"100px 80px\" data-680-768=\"100px 50px\" data-680=\"100px 10px\">\n\t<div class=\"qodef-eh-item-inner\">\n\t\t<div class=\"qodef-eh-item-content qodef-eh-custom-8659\" style=\"padding: 100px 250px\">\n\t\t\t<div class=\"qodef-section-title-holder  qodef-st-corners qodef-st-title-left qodef-st-normal-space  \" style=\"text-align: center\">\n\t<div class=\"qodef-st-inner\">\n                    <span class=\"qodef-corner-line line-1\"><\/span>\n            <span class=\"qodef-corner-line line-2\"><\/span>\n            <span class=\"qodef-corner-line line-3\"><\/span>\n            <span class=\"qodef-corner-line line-4\"><\/span>\n        \t\t\t\t\t<h2 class=\"qodef-st-title\" style=\"color: #ddcf28\">\n\t\t\t\tShowroom\t\t\t<\/h2>\n\t\t\t\t\t\t\t<span class=\"qodef-st-text\" >\n\t\t\t\tVisite o nosso espa\u00e7o de showroom e venha conhecer as mais recentes novidades para a sua casa\t\t\t<\/span>\n\t\t\t<\/div>\n<\/div>\t\t<\/div>\n\t<\/div>\n<\/div><\/div>[\/vc_column][\/vc_row][vc_row row_content_width=&#8221;grid&#8221; css=&#8221;.vc_custom_1657034983296{padding-bottom: 80px !important;}&#8221;][vc_column][vc_column_text]<\/p>\n<p dir=\"ltr\">Nas nossas instala\u00e7\u00f5es encontrar\u00e1 exposta uma ampla gama de casas de banho, cer\u00e2micas e lou\u00e7as sanit\u00e1rias.<\/p>\n<p dir=\"ltr\"><strong>Visite-nos! Temos tudo para transformar a sua casa no seu lar.<\/strong><\/p>\n<p>[\/vc_column_text][\/vc_column][\/vc_row][vc_row css=&#8221;.vc_custom_1669045507437{padding-bottom: 50px !important;}&#8221;][vc_column width=&#8221;1\/4&#8243;][vc_single_image image=&#8221;6385&#8243; img_size=&#8221;&#8221; onclick=&#8221;link_image&#8221;][\/vc_column][vc_column width=&#8221;1\/4&#8243;][vc_single_image image=&#8221;6386&#8243; img_size=&#8221;&#8221; onclick=&#8221;link_image&#8221;][\/vc_column][vc_column width=&#8221;1\/4&#8243;][vc_single_image image=&#8221;6387&#8243; img_size=&#8221;&#8221; onclick=&#8221;link_image&#8221;][\/vc_column][vc_column width=&#8221;1\/4&#8243;][vc_single_image image=&#8221;6562&#8243; img_size=&#8221;&#8221; onclick=&#8221;link_image&#8221;][\/vc_column][\/vc_row][vc_row css=&#8221;.vc_custom_1669045580177{padding-bottom: 50px !important;}&#8221;][vc_column width=&#8221;1\/4&#8243;][vc_single_image image=&#8221;6389&#8243; img_size=&#8221;&#8221; onclick=&#8221;link_image&#8221;][\/vc_column][vc_column width=&#8221;1\/4&#8243;][vc_single_image image=&#8221;6390&#8243; img_size=&#8221;&#8221; onclick=&#8221;link_image&#8221;][\/vc_column][vc_column width=&#8221;1\/4&#8243;][vc_single_image image=&#8221;6391&#8243; img_size=&#8221;&#8221; onclick=&#8221;link_image&#8221;][\/vc_column][vc_column width=&#8221;1\/4&#8243;][vc_single_image image=&#8221;6392&#8243; img_size=&#8221;&#8221; onclick=&#8221;link_image&#8221;][\/vc_column][\/vc_row][vc_row css=&#8221;.vc_custom_1669045586163{padding-bottom: 50px !important;}&#8221;][vc_column width=&#8221;1\/4&#8243;][vc_single_image image=&#8221;6394&#8243; img_size=&#8221;&#8221; onclick=&#8221;link_image&#8221;][\/vc_column][vc_column width=&#8221;1\/4&#8243;][vc_single_image image=&#8221;6395&#8243; img_size=&#8221;&#8221; onclick=&#8221;link_image&#8221;][\/vc_column][vc_column width=&#8221;1\/4&#8243;][vc_single_image image=&#8221;6396&#8243; img_size=&#8221;&#8221; onclick=&#8221;link_image&#8221;][\/vc_column][vc_column width=&#8221;1\/4&#8243;][vc_single_image image=&#8221;6398&#8243; img_size=&#8221;&#8221; onclick=&#8221;link_image&#8221;][\/vc_column][\/vc_row][vc_row css=&#8221;.vc_custom_1657035055576{padding-bottom: 80px !important;}&#8221;][vc_column width=&#8221;1\/4&#8243;][vc_single_image image=&#8221;6400&#8243; img_size=&#8221;&#8221; onclick=&#8221;link_image&#8221;][\/vc_column][vc_column width=&#8221;1\/4&#8243;][vc_single_image image=&#8221;6401&#8243; img_size=&#8221;&#8221; onclick=&#8221;link_image&#8221;][\/vc_column][vc_column width=&#8221;1\/4&#8243;][vc_single_image image=&#8221;6403&#8243; img_size=&#8221;&#8221; onclick=&#8221;link_image&#8221;][\/vc_column][vc_column width=&#8221;1\/4&#8243;][vc_single_image image=&#8221;6404&#8243; img_size=&#8221;&#8221; onclick=&#8221;link_image&#8221;][\/vc_column][\/vc_row]<\/p>\n","protected":false},"excerpt":{"rendered":"<p>[vc_row][vc_column][\/vc_column][\/vc_row][vc_row row_content_width=&#8221;grid&#8221; css=&#8221;.vc_custom_1657034983296{padding-bottom: 80px !important;}&#8221;][vc_column][vc_column_text] Nas nossas instala\u00e7\u00f5es encontrar\u00e1 exposta uma ampla gama de casas de banho, cer\u00e2micas e lou\u00e7as sanit\u00e1rias. Visite-nos! Temos tudo para transformar a sua casa no seu lar. [\/vc_column_text][\/vc_column][\/vc_row][vc_row css=&#8221;.vc_custom_1669045507437{padding-bottom: 50px !important;}&#8221;][vc_column width=&#8221;1\/4&#8243;][vc_single_image image=&#8221;6385&#8243; img_size=&#8221;&#8221; onclick=&#8221;link_image&#8221;][\/vc_column][vc_column width=&#8221;1\/4&#8243;][vc_single_image image=&#8221;6386&#8243; img_size=&#8221;&#8221; onclick=&#8221;link_image&#8221;][\/vc_column][vc_column width=&#8221;1\/4&#8243;][vc_single_image image=&#8221;6387&#8243; img_size=&#8221;&#8221; onclick=&#8221;link_image&#8221;][\/vc_column][vc_column width=&#8221;1\/4&#8243;][vc_single_image image=&#8221;6562&#8243; [&hellip;]<\/p>\n","protected":false},"author":2,"featured_media":0,"parent":0,"menu_order":0,"comment_status":"closed","ping_status":"closed","template":"","meta":{"footnotes":""},"class_list":["post-5865","page","type-page","status-publish","hentry"],"_links":{"self":[{"href":"https:\/\/appefilhos.pt\/wp-json\/wp\/v2\/pages\/5865","targetHints":{"allow":["GET"]}}],"collection":[{"href":"https:\/\/appefilhos.pt\/wp-json\/wp\/v2\/pages"}],"about":[{"href":"https:\/\/appefilhos.pt\/wp-json\/wp\/v2\/types\/page"}],"author":[{"embeddable":true,"href":"https:\/\/appefilhos.pt\/wp-json\/wp\/v2\/users\/2"}],"replies":[{"embeddable":true,"href":"https:\/\/appefilhos.pt\/wp-json\/wp\/v2\/comments?post=5865"}],"version-history":[{"count":31,"href":"https:\/\/appefilhos.pt\/wp-json\/wp\/v2\/pages\/5865\/revisions"}],"predecessor-version":[{"id":6563,"href":"https:\/\/appefilhos.pt\/wp-json\/wp\/v2\/pages\/5865\/revisions\/6563"}],"wp:attachment":[{"href":"https:\/\/appefilhos.pt\/wp-json\/wp\/v2\/media?parent=5865"}],"curies":[{"name":"wp","href":"https:\/\/api.w.org\/{rel}","templated":true}]}}